{"id":706,"date":"2016-04-02T09:24:39","date_gmt":"2016-04-02T07:24:39","guid":{"rendered":"http:\/\/www.kalamo.de\/?page_id=706"},"modified":"2016-07-17T10:49:00","modified_gmt":"2016-07-17T08:49:00","slug":"wir-baggern-fuer-sie","status":"publish","type":"page","link":"https:\/\/www.kalamo.de\/?page_id=706","title":{"rendered":"MiniBagger in Hamburg"},"content":{"rendered":"<p>Wir baggern f\u00fcr Sie<\/p>\n<p>mieten leihen mit Fahrer<\/p>\n<hr style=\"width: 100%; height: 5px; margin: 0 auto; color: blue; background: #c11d1d;\" \/>\n<p style=\"padding-top: 15px;\">Unsere Tools stehen ihnen im Gro\u00dfraum HAMBURG zur Verf\u00fcgung<\/p>\n<hr style=\"width: 100%; height: 5px; margin: 0 auto; color: blue; background: #c11d1d;\" \/>\n<p style=\"padding-top: 15px;\">MiniBagger mit Fahrer<\/p>\n<p>oder R\u00fcttelplatte<\/p>\n<div id='gallery-1' class='gallery galleryid-706 gallery-columns-1 gallery-size-medium'><figure class='gallery-item'>\n\t\t\t<div class='gallery-icon landscape'>\n\t\t\t\t<a href='https:\/\/www.kalamo.de\/?attachment_id=719'><img loading=\"lazy\" decoding=\"async\" width=\"388\" height=\"360\" src=\"https:\/\/www.kalamo.de\/wp-content\/uploads\/2016\/04\/bagger_Druck-388x360.png\" class=\"attachment-medium size-medium\" alt=\"Mini-Bagger\" aria-describedby=\"gallery-1-719\" srcset=\"https:\/\/www.kalamo.de\/wp-content\/uploads\/2016\/04\/bagger_Druck-388x360.png 388w, https:\/\/www.kalamo.de\/wp-content\/uploads\/2016\/04\/bagger_Druck.png 680w\" sizes=\"auto, (max-width: 388px) 100vw, 388px\" \/><\/a>\n\t\t\t<\/div>\n\t\t\t\t<figcaption class='wp-caption-text gallery-caption' id='gallery-1-719'>\n\t\t\t\tMini-Bagger\n\t\t\t\t<\/figcaption><\/figure>\n\t\t<\/div>\n\n","protected":false},"excerpt":{"rendered":"<p>Wir baggern f\u00fcr Sie mieten leihen mit Fahrer Unsere Tools stehen ihnen im Gro\u00dfraum HAMBURG zur Verf\u00fcgung MiniBagger mit Fahrer oder R\u00fcttelplatte<\/p>\n","protected":false},"author":3,"featured_media":0,"parent":0,"menu_order":0,"comment_status":"closed","ping_status":"open","template":"","meta":{"footnotes":""},"class_list":["post-706","page","type-page","status-publish","hentry"],"_links":{"self":[{"href":"https:\/\/www.kalamo.de\/index.php?rest_route=\/wp\/v2\/pages\/706","targetHints":{"allow":["GET"]}}],"collection":[{"href":"https:\/\/www.kalamo.de\/index.php?rest_route=\/wp\/v2\/pages"}],"about":[{"href":"https:\/\/www.kalamo.de\/index.php?rest_route=\/wp\/v2\/types\/page"}],"author":[{"embeddable":true,"href":"https:\/\/www.kalamo.de\/index.php?rest_route=\/wp\/v2\/users\/3"}],"replies":[{"embeddable":true,"href":"https:\/\/www.kalamo.de\/index.php?rest_route=%2Fwp%2Fv2%2Fcomments&post=706"}],"version-history":[{"count":19,"href":"https:\/\/www.kalamo.de\/index.php?rest_route=\/wp\/v2\/pages\/706\/revisions"}],"predecessor-version":[{"id":734,"href":"https:\/\/www.kalamo.de\/index.php?rest_route=\/wp\/v2\/pages\/706\/revisions\/734"}],"wp:attachment":[{"href":"https:\/\/www.kalamo.de\/index.php?rest_route=%2Fwp%2Fv2%2Fmedia&parent=706"}],"curies":[{"name":"wp","href":"https:\/\/api.w.org\/{rel}","templated":true}]}}