{"id":207,"date":"2014-04-28T13:16:59","date_gmt":"2014-04-28T11:16:59","guid":{"rendered":"http:\/\/holo.lohstoeter.de\/new_kalamo\/?page_id=207"},"modified":"2014-05-13T15:53:26","modified_gmt":"2014-05-13T13:53:26","slug":"disclaimer","status":"publish","type":"page","link":"https:\/\/www.kalamo.de\/?page_id=207","title":{"rendered":"Disclaimer"},"content":{"rendered":"<div style=\"width:50%;\"><img loading=\"lazy\" decoding=\"async\" style=\"margin-bottom:20px;\" src=\"wp-content\/uploads\/2014\/04\/Vertieb_montagen_kalamo_2013.png\" alt=\"Vertieb_montagen_kalamo_2013\" width=\"226\" height=\"152\" \/><\/div>\n<p>Disclaimer \u2013 rechtliche Hinweise<\/p>\n<p>1. Haftungsbeschr\u00e4nkung<\/p>\n<p>Die Inhalte dieser Website werden mit gr\u00f6\u00dftm\u00f6glicher Sorgfalt erstellt. Der Anbieter \u00fcbernimmt jedoch keine Gew\u00e4hr f\u00fcr die Richtigkeit, Vollst\u00e4ndigkeit und Aktualit\u00e4t der bereitgestellten Inhalte. Die Nutzung der Inhalte der Website erfolgt auf eigene<br \/>\nGefahr des Nutzers. Namentlich gekennzeichnete Beitr\u00e4ge geben die Meinung des jeweiligen Autors und nicht immer die Meinung des Anbieters wieder. Mit der reinen Nutzung der Website des Anbieters kommt keinerlei Vertragsverh\u00e4ltnis zwischen dem Nutzer und dem Anbieter zustande.<\/p>\n<p>2. Externe Links<\/p>\n<p>Diese Website enth\u00e4lt Verkn\u00fcpfungen zu Websites Dritter (\u201dexterne<br \/>\nLinks\u201d). Diese Websites unterliegen der Haftung der jeweiligen<br \/>\nBetreiber. Der Anbieter hat bei der erstmaligen Verkn\u00fcpfung der<br \/>\nexternen Links die fremden Inhalte daraufhin \u00fcberpr\u00fcft, ob etwaige<br \/>\nRechtsverst\u00f6\u00dfe bestehen. Zu dem Zeitpunkt waren keine<br \/>\nRechtsverst\u00f6\u00dfe ersichtlich. Der Anbieter hat keinerlei Einfluss auf<br \/>\ndie aktuelle und zuk\u00fcnftige Gestaltung und auf die Inhalte der<br \/>\nverkn\u00fcpften Seiten. Das Setzen von externen Links bedeutet nicht,<br \/>\ndass sich der Anbieter die hinter dem Verweis oder Link liegenden<br \/>\nInhalte zu Eigen macht. Eine st\u00e4ndige Kontrolle dieser externen<br \/>\nLinks ist f\u00fcr den Anbieter ohne konkrete Hinweise auf<br \/>\nRechtsverst\u00f6\u00dfe nicht zumutbar. Bei Kenntnis von Rechtsverst\u00f6\u00dfen<br \/>\nwerden jedoch derartige externe Links unverz\u00fcglich gel\u00f6scht.<\/p>\n<p>3. Urheber- und Leistungsschutzrechte<\/p>\n<p>Die auf dieser Website ver\u00f6ffentlichten Inhalte unterliegen dem deutschen Urheber- und Leistungsschutzrecht. Jede vom deutschen Urheber- und Leistungsschutzrecht nicht zugelassene Verwertung bedarf der vorherigen schriftlichen Zustimmung des Anbieters oder jeweiligen Rechteinhabers. Dies gilt insbesondere f\u00fcr Vervielf\u00e4ltigung, Bearbeitung, \u00dcbersetzung, Einspeicherung, Verarbeitung bzw. Wiedergabe von Inhalten in Datenbanken oder anderen elektronischen Medien und Systemen. Inhalte und Rechte Dritter sind dabei als solche gekennzeichnet. Die unerlaubte Vervielf\u00e4ltigung oder Weitergabe einzelner Inhalte oder kompletter Seiten ist nicht gestattet und strafbar. Lediglich die Herstellung von Kopien und Downloads f\u00fcr den pers\u00f6nlichen, privaten und nicht kommerziellen Gebrauch ist erlaubt.<\/p>\n<p>Die Darstellung dieser Website in fremden Frames ist nur mit schriftlicher Erlaubnis zul\u00e4ssig.<\/p>\n<p>4. Datenschutz<\/p>\n<p>Durch den Besuch der Website des Anbieters k\u00f6nnen Informationen<br \/>\n\u00fcber den Zugriff (Datum, Uhrzeit, betrachtete Seite) gespeichert werden. Diese Daten geh\u00f6ren nicht zu den<br \/>\npersonenbezogenen Daten, sondern sind anonymisiert. Sie werden<br \/>\nausschlie\u00dflich zu statistischen Zwecken ausgewertet. Eine<br \/>\nWeitergabe an Dritte, zu kommerziellen oder nichtkommerziellen<br \/>\nZwecken, findet nicht statt.<\/p>\n<p>Der Anbieter weist ausdr\u00fccklich darauf hin, dass die<br \/>\nDaten\u00fcbertragung im Internet (z.B. bei der Kommunikation per<br \/>\nE-Mail) Sicherheitsl\u00fccken aufweisen und nicht l\u00fcckenlos vor dem<br \/>\nZugriff durch Dritte gesch\u00fctzt werden kann.<\/p>\n<p>Die Verwendung der Kontaktdaten des Impressums zur gewerblichen Werbung ist ausdr\u00fccklich nicht erw\u00fcnscht, es sei denn der Anbieter hatte zuvor seine schriftliche Einwilligung erteilt oder es besteht bereits eine Gesch\u00e4ftsbeziehung. Der Anbieter und alle auf dieser Website genannten Personen widersprechen hiermit jeder kommerziellen Verwendung und Weitergabe ihrer Daten.<\/p>\n<p>5. Besondere Nutzungsbedingungen<\/p>\n<p>Soweit besondere Bedingungen f\u00fcr einzelne Nutzungen dieser Website<br \/>\nvon den vorgenannten Nummern 1. bis 4. abweichen, wird an<br \/>\nentsprechender Stelle ausdr\u00fccklich darauf hingewiesen. In diesem<br \/>\nFalle gelten im jeweiligen Einzelfall die besonderen<br \/>\nNutzungsbedingungen.<\/p>\n<p>Quelle: Juraforum.de \u2013 Disclaimer, Gesetze, Gerichtsurteile, Lexikon, Rechtsanw\u00e4lte &amp; bista.de<\/p>\n","protected":false},"excerpt":{"rendered":"<p>Disclaimer \u2013 rechtliche Hinweise 1. Haftungsbeschr\u00e4nkung Die Inhalte dieser Website werden mit gr\u00f6\u00dftm\u00f6glicher Sorgfalt erstellt. Der Anbieter \u00fcbernimmt jedoch keine Gew\u00e4hr f\u00fcr die Richtigkeit, Vollst\u00e4ndigkeit und Aktualit\u00e4t der bereitgestellten Inhalte. Die Nutzung der Inhalte der Website erfolgt auf eigene Gefahr des Nutzers. Namentlich gekennzeichnete Beitr\u00e4ge geben die Meinung des jeweiligen Autors und nicht immer die &hellip; <a href=\"https:\/\/www.kalamo.de\/?page_id=207\" class=\"more-link\"><span class=\"screen-reader-text\">Disclaimer<\/span> weiterlesen <span class=\"meta-nav\">&rarr;<\/span><\/a><\/p>\n","protected":false},"author":3,"featured_media":0,"parent":0,"menu_order":0,"comment_status":"closed","ping_status":"closed","template":"","meta":{"footnotes":""},"class_list":["post-207","page","type-page","status-publish","hentry"],"_links":{"self":[{"href":"https:\/\/www.kalamo.de\/index.php?rest_route=\/wp\/v2\/pages\/207","targetHints":{"allow":["GET"]}}],"collection":[{"href":"https:\/\/www.kalamo.de\/index.php?rest_route=\/wp\/v2\/pages"}],"about":[{"href":"https:\/\/www.kalamo.de\/index.php?rest_route=\/wp\/v2\/types\/page"}],"author":[{"embeddable":true,"href":"https:\/\/www.kalamo.de\/index.php?rest_route=\/wp\/v2\/users\/3"}],"replies":[{"embeddable":true,"href":"https:\/\/www.kalamo.de\/index.php?rest_route=%2Fwp%2Fv2%2Fcomments&post=207"}],"version-history":[{"count":4,"href":"https:\/\/www.kalamo.de\/index.php?rest_route=\/wp\/v2\/pages\/207\/revisions"}],"predecessor-version":[{"id":421,"href":"https:\/\/www.kalamo.de\/index.php?rest_route=\/wp\/v2\/pages\/207\/revisions\/421"}],"wp:attachment":[{"href":"https:\/\/www.kalamo.de\/index.php?rest_route=%2Fwp%2Fv2%2Fmedia&parent=207"}],"curies":[{"name":"wp","href":"https:\/\/api.w.org\/{rel}","templated":true}]}}